{"id":54,"date":"2024-08-25T17:30:25","date_gmt":"2024-08-25T15:30:25","guid":{"rendered":"https:\/\/infinitybyissen.com\/?page_id=54"},"modified":"2024-08-25T22:43:34","modified_gmt":"2024-08-25T20:43:34","slug":"a-propos","status":"publish","type":"page","link":"https:\/\/infinitybyissen.com\/index.php\/a-propos\/","title":{"rendered":"A propos"},"content":{"rendered":"\n<p>Je suis Issen. La premi\u00e8re Activation de la Kundalini a \u00e9t\u00e9 pour moi une r\u00e9v\u00e9lation aussi profonde qu&#8217;\u00e9vidente, un coup de c\u0153ur instantan\u00e9 pour une pratique qui r\u00e9sonne avec la v\u00e9rit\u00e9 de ton \u00eatre int\u00e9rieur.<\/p>\n\n\n\n<p>Avec cette transformation, j&#8217;ai cr\u00e9\u00e9 Infinity By Issen pour t&#8217;accompagner dans ton propre voyage vers toi. Ici, je suis ton guide, celui qui ouvre les portes et cr\u00e9e un espace o\u00f9 chaque vibration et chaque exp\u00e9rience t&#8217;invite \u00e0 d\u00e9couvrir la grandeur qui sommeille en toi.<\/p>\n\n\n\n<p>Chaque pratique est une exploration subtile entre le corps et l&#8217;esprit, r\u00e9v\u00e9lant que tout ce dont tu as besoin est d\u00e9j\u00e0 en toi.<\/p>\n\n\n\n<p>Embarque avec moi dans ce voyage transcendant. Ensemble, d\u00e9voilons la magie de ton propre potentiel et d\u00e9couvre la splendeur infinie de ton \u00eatre.<\/p>\n\n\n\n<figure class=\"wp-block-image size-large\"><img loading=\"lazy\" decoding=\"async\" width=\"683\" height=\"1024\" src=\"http:\/\/infinitybyissen.com\/wp-content\/uploads\/2024\/08\/b-683x1024.jpg\" alt=\"\" class=\"wp-image-16\" srcset=\"https:\/\/infinitybyissen.com\/wp-content\/uploads\/2024\/08\/b-683x1024.jpg 683w, https:\/\/infinitybyissen.com\/wp-content\/uploads\/2024\/08\/b-200x300.jpg 200w, https:\/\/infinitybyissen.com\/wp-content\/uploads\/2024\/08\/b-768x1152.jpg 768w, https:\/\/infinitybyissen.com\/wp-content\/uploads\/2024\/08\/b-1024x1536.jpg 1024w, https:\/\/infinitybyissen.com\/wp-content\/uploads\/2024\/08\/b-1365x2048.jpg 1365w, https:\/\/infinitybyissen.com\/wp-content\/uploads\/2024\/08\/b-1170x1755.jpg 1170w, https:\/\/infinitybyissen.com\/wp-content\/uploads\/2024\/08\/b-scaled.jpg 1707w\" sizes=\"auto, (max-width: 683px) 100vw, 683px\" \/><\/figure>\n","protected":false},"excerpt":{"rendered":"<p>Je suis Issen. La premi\u00e8re Activation de la Kundalini a \u00e9t\u00e9 pour moi une r\u00e9v\u00e9lation aussi profonde qu&#8217;\u00e9vidente, un coup de c\u0153ur instantan\u00e9 pour une pratique qui r\u00e9sonne avec la v\u00e9rit\u00e9 de ton \u00eatre int\u00e9rieur. Avec cette transformation, j&#8217;ai cr\u00e9\u00e9 Infinity By Issen pour t&#8217;accompagner dans ton propre voyage vers toi. Ici, je suis ton [&hellip;]<\/p>\n","protected":false},"author":1,"featured_media":0,"parent":0,"menu_order":0,"comment_status":"closed","ping_status":"closed","template":"","meta":{"footnotes":""},"class_list":["post-54","page","type-page","status-publish","hentry"],"_links":{"self":[{"href":"https:\/\/infinitybyissen.com\/index.php\/wp-json\/wp\/v2\/pages\/54","targetHints":{"allow":["GET"]}}],"collection":[{"href":"https:\/\/infinitybyissen.com\/index.php\/wp-json\/wp\/v2\/pages"}],"about":[{"href":"https:\/\/infinitybyissen.com\/index.php\/wp-json\/wp\/v2\/types\/page"}],"author":[{"embeddable":true,"href":"https:\/\/infinitybyissen.com\/index.php\/wp-json\/wp\/v2\/users\/1"}],"replies":[{"embeddable":true,"href":"https:\/\/infinitybyissen.com\/index.php\/wp-json\/wp\/v2\/comments?post=54"}],"version-history":[{"count":4,"href":"https:\/\/infinitybyissen.com\/index.php\/wp-json\/wp\/v2\/pages\/54\/revisions"}],"predecessor-version":[{"id":132,"href":"https:\/\/infinitybyissen.com\/index.php\/wp-json\/wp\/v2\/pages\/54\/revisions\/132"}],"wp:attachment":[{"href":"https:\/\/infinitybyissen.com\/index.php\/wp-json\/wp\/v2\/media?parent=54"}],"curies":[{"name":"wp","href":"https:\/\/api.w.org\/{rel}","templated":true}]}}