{"id":59,"date":"2024-08-25T18:13:40","date_gmt":"2024-08-25T16:13:40","guid":{"rendered":"https:\/\/infinitybyissen.com\/?page_id=59"},"modified":"2024-08-25T21:48:44","modified_gmt":"2024-08-25T19:48:44","slug":"kundalini-activation","status":"publish","type":"page","link":"https:\/\/infinitybyissen.com\/index.php\/kundalini-activation\/","title":{"rendered":"Kundalini Activation"},"content":{"rendered":"\n<figure class=\"wp-block-image size-large\"><img loading=\"lazy\" decoding=\"async\" width=\"1024\" height=\"683\" src=\"http:\/\/infinitybyissen.com\/wp-content\/uploads\/2024\/08\/d-1-1024x683.jpg\" alt=\"\" class=\"wp-image-18\" srcset=\"https:\/\/infinitybyissen.com\/wp-content\/uploads\/2024\/08\/d-1-1024x683.jpg 1024w, https:\/\/infinitybyissen.com\/wp-content\/uploads\/2024\/08\/d-1-300x200.jpg 300w, https:\/\/infinitybyissen.com\/wp-content\/uploads\/2024\/08\/d-1-768x512.jpg 768w, https:\/\/infinitybyissen.com\/wp-content\/uploads\/2024\/08\/d-1-1536x1024.jpg 1536w, https:\/\/infinitybyissen.com\/wp-content\/uploads\/2024\/08\/d-1-2048x1366.jpg 2048w, https:\/\/infinitybyissen.com\/wp-content\/uploads\/2024\/08\/d-1-1170x780.jpg 1170w\" sizes=\"auto, (max-width: 1024px) 100vw, 1024px\" \/><\/figure>\n\n\n\n<p><strong>Kundalini Activation&nbsp;<\/strong><\/p>\n\n\n\n<p>L&#8217;Activation de la Kundalini est une m\u00e9thode puissante et directe qui vise \u00e0 \u00e9veiller l&#8217;\u00e9nergie spirituelle latente au sein de chaque individu. Ce processus profond favorise l&#8217;\u00e9veil spirituel, la gu\u00e9rison int\u00e9rieure et la r\u00e9alisation de soi \u00e0 travers des exp\u00e9riences uniques et transformatrices.<\/p>\n\n\n\n<p><strong>Transmission d&#8217;\u00c9nergie<\/strong><\/p>\n\n\n\n<p>Au c\u0153ur de chaque session, l&#8217;accent est mis sur la transmission d&#8217;\u00e9nergie. Je guide les participants \u00e0 travers des gestes subtils, des mouvements sp\u00e9cifiques des mains, ou simplement par ma pr\u00e9sence \u00e9nerg\u00e9tique. Cette transmission aide \u00e0 \u00e9veiller l&#8217;\u00e9nergie Kundalini, qui circule alors de mani\u00e8re plus fluide \u00e0 travers le corps, lib\u00e9rant les blocages \u00e9nerg\u00e9tiques, les \u00e9motions refoul\u00e9es et les traumatismes profonds.<\/p>\n\n\n\n<p><strong>\u00c9veil de la Conscience<\/strong><\/p>\n\n\n\n<p>L&#8217;\u00e9veil de la Kundalini est souvent accompagn\u00e9 d&#8217;une expansion significative de la conscience. Cela se manifeste par des \u00e9tats de conscience \u00e9lev\u00e9s, une compr\u00e9hension accrue de soi-m\u00eame et une connexion profonde avec l&#8217;univers. Les participants peuvent vivre des prises de conscience soudaines et des ouvertures spirituelles qui transforment leur perception de la r\u00e9alit\u00e9.<\/p>\n\n\n\n<p><strong>M\u00e9ditation en Mouvement<\/strong><\/p>\n\n\n\n<p>Les sessions d&#8217;Activation de la Kundalini sont \u00e9galement caract\u00e9ris\u00e9es par une \u00abm\u00e9ditation en mouvement\u00bb. Les participants peuvent ressentir des mouvements spontan\u00e9s du corps, tels que des tremblements, des danses ou d&#8217;autres expressions physiques. Ces mouvements sont des manifestations naturelles du flux \u00e9nerg\u00e9tique lib\u00e9r\u00e9 et facilitent le processus de gu\u00e9rison et d&#8217;\u00e9veil.<\/p>\n","protected":false},"excerpt":{"rendered":"<p>Kundalini Activation&nbsp; L&#8217;Activation de la Kundalini est une m\u00e9thode puissante et directe qui vise \u00e0 \u00e9veiller l&#8217;\u00e9nergie spirituelle latente au sein de chaque individu. Ce processus profond favorise l&#8217;\u00e9veil spirituel, la gu\u00e9rison int\u00e9rieure et la r\u00e9alisation de soi \u00e0 travers des exp\u00e9riences uniques et transformatrices. Transmission d&#8217;\u00c9nergie Au c\u0153ur de chaque session, l&#8217;accent est mis [&hellip;]<\/p>\n","protected":false},"author":1,"featured_media":0,"parent":0,"menu_order":0,"comment_status":"closed","ping_status":"closed","template":"","meta":{"footnotes":""},"class_list":["post-59","page","type-page","status-publish","hentry"],"_links":{"self":[{"href":"https:\/\/infinitybyissen.com\/index.php\/wp-json\/wp\/v2\/pages\/59","targetHints":{"allow":["GET"]}}],"collection":[{"href":"https:\/\/infinitybyissen.com\/index.php\/wp-json\/wp\/v2\/pages"}],"about":[{"href":"https:\/\/infinitybyissen.com\/index.php\/wp-json\/wp\/v2\/types\/page"}],"author":[{"embeddable":true,"href":"https:\/\/infinitybyissen.com\/index.php\/wp-json\/wp\/v2\/users\/1"}],"replies":[{"embeddable":true,"href":"https:\/\/infinitybyissen.com\/index.php\/wp-json\/wp\/v2\/comments?post=59"}],"version-history":[{"count":4,"href":"https:\/\/infinitybyissen.com\/index.php\/wp-json\/wp\/v2\/pages\/59\/revisions"}],"predecessor-version":[{"id":114,"href":"https:\/\/infinitybyissen.com\/index.php\/wp-json\/wp\/v2\/pages\/59\/revisions\/114"}],"wp:attachment":[{"href":"https:\/\/infinitybyissen.com\/index.php\/wp-json\/wp\/v2\/media?parent=59"}],"curies":[{"name":"wp","href":"https:\/\/api.w.org\/{rel}","templated":true}]}}