{"id":64,"date":"2024-08-25T18:13:06","date_gmt":"2024-08-25T16:13:06","guid":{"rendered":"https:\/\/infinitybyissen.com\/?page_id=64"},"modified":"2025-01-21T18:10:14","modified_gmt":"2025-01-21T17:10:14","slug":"reservation","status":"publish","type":"page","link":"https:\/\/infinitybyissen.com\/index.php\/reservation\/","title":{"rendered":"R\u00e9servation"},"content":{"rendered":"\n<div class=\"wp-block-group is-nowrap is-layout-flex wp-container-core-group-is-layout-6c531013 wp-block-group-is-layout-flex\">\n<pre class=\"wp-block-preformatted\">In-person is immersive.<br>Online is transcendent.<\/pre>\n\n\n\n<p><\/p>\n<\/div>\n\n\n\n<div class=\"wp-block-columns is-layout-flex wp-container-core-columns-is-layout-28f84493 wp-block-columns-is-layout-flex\">\n<div class=\"wp-block-column is-layout-flow wp-block-column-is-layout-flow\" style=\"flex-basis:25%\">\n<figure class=\"wp-block-image size-large\"><img loading=\"lazy\" decoding=\"async\" width=\"683\" height=\"1024\" src=\"http:\/\/infinitybyissen.com\/wp-content\/uploads\/2024\/08\/a-683x1024.jpg\" alt=\"\" class=\"wp-image-15\" srcset=\"https:\/\/infinitybyissen.com\/wp-content\/uploads\/2024\/08\/a-683x1024.jpg 683w, https:\/\/infinitybyissen.com\/wp-content\/uploads\/2024\/08\/a-200x300.jpg 200w, https:\/\/infinitybyissen.com\/wp-content\/uploads\/2024\/08\/a-768x1152.jpg 768w, https:\/\/infinitybyissen.com\/wp-content\/uploads\/2024\/08\/a-1024x1536.jpg 1024w, https:\/\/infinitybyissen.com\/wp-content\/uploads\/2024\/08\/a-1365x2048.jpg 1365w, https:\/\/infinitybyissen.com\/wp-content\/uploads\/2024\/08\/a-1170x1755.jpg 1170w, https:\/\/infinitybyissen.com\/wp-content\/uploads\/2024\/08\/a-scaled.jpg 1707w\" sizes=\"auto, (max-width: 683px) 100vw, 683px\" \/><\/figure>\n<\/div>\n\n\n\n<div class=\"wp-block-column is-layout-flow wp-block-column-is-layout-flow\" style=\"flex-basis:25%\">\n<p class=\"has-text-align-left has-tiny-font-size\"><strong>Les sessions en ligne<\/strong> <\/p>\n\n\n\n<p class=\"has-text-align-left has-tiny-font-size\">Permettent une connexion intime \u00e0 l&#8217;\u00e9nergie Kundalini, peu importe o\u00f9 vous vous trouvez. Profitez de la flexibilit\u00e9 de pratiquer dans un espace familier tout en b\u00e9n\u00e9ficiant de la puissante transmission \u00e9nerg\u00e9tique \u00e0 distance, assurant une transformation int\u00e9rieure \u00e0 votre rythme.<\/p>\n<\/div>\n\n\n\n<div class=\"wp-block-column is-layout-flow wp-block-column-is-layout-flow\" style=\"flex-basis:25%\">\n<p class=\"has-tiny-font-size\"><strong>Sessions Collectives<\/strong><\/p>\n\n\n\n<p class=\"has-tiny-font-size\">Plongez dans l&#8217;\u00e9nergie collective pour amplifier votre exp\u00e9rience. Les sessions en groupe cr\u00e9ent un champ \u00e9nerg\u00e9tique puissant, o\u00f9 les participants partagent et soutiennent mutuellement leur \u00e9veil. Ce format favorise un sentiment de connexion et de communaut\u00e9, tout en intensifiant les effets de l&#8217;activation.<\/p>\n<\/div>\n\n\n\n<div class=\"wp-block-column is-layout-flow wp-block-column-is-layout-flow\" style=\"flex-basis:25%\">\n<p class=\"has-tiny-font-size\"><strong>Sessions Priv\u00e9es<\/strong><\/p>\n\n\n\n<p class=\"has-tiny-font-size\">Pour une exp\u00e9rience personnalis\u00e9e, optez pour une session priv\u00e9e. Ce format vous offre un accompagnement sur mesure, adapt\u00e9 \u00e0 vos besoins sp\u00e9cifiques et \u00e0 votre cheminement spirituel. Vous b\u00e9n\u00e9ficierez d&#8217;une attention exclusive pour explorer en profondeur votre \u00e9nergie int\u00e9rieure et acc\u00e9l\u00e9rer votre \u00e9veil personnel.<\/p>\n<\/div>\n<\/div>\n\n\n\n<div class=\"wp-block-buttons is-content-justification-center is-layout-flex wp-container-core-buttons-is-layout-a89b3969 wp-block-buttons-is-layout-flex\">\n<div class=\"wp-block-button\"><a class=\"wp-block-button__link wp-element-button\" href=\"https:\/\/www.billetweb.fr\/kundalini-activation6\">Kundalini Activation Online 11\/11<\/a><\/div>\n<\/div>\n\n\n\n<div class=\"wp-block-buttons is-content-justification-center is-layout-flex wp-container-core-buttons-is-layout-a89b3969 wp-block-buttons-is-layout-flex\">\n<div class=\"wp-block-button\"><a class=\"wp-block-button__link wp-element-button\" href=\"https:\/\/www.billetweb.fr\/kundalini-activation8\">Kundalini Activation online 03\/12<\/a><\/div>\n<\/div>\n\n\n\n<div class=\"wp-block-buttons is-content-justification-center is-layout-flex wp-container-core-buttons-is-layout-a89b3969 wp-block-buttons-is-layout-flex\">\n<div class=\"wp-block-button\"><a class=\"wp-block-button__link wp-element-button\" href=\"https:\/\/www.billetweb.fr\/breathwork-meets-kundalini-activation\" target=\"_blank\" rel=\"noreferrer noopener\">Breathwork\u00a0meets Kundalini Activation 16\/02\/2025 studio Yeahga\u00a0Lyon<\/a><\/div>\n<\/div>\n\n\n\n<div class=\"wp-block-buttons is-content-justification-center is-layout-flex wp-container-core-buttons-is-layout-a89b3969 wp-block-buttons-is-layout-flex\">\n<div class=\"wp-block-button\"><a class=\"wp-block-button__link wp-element-button\" href=\"https:\/\/my.weezevent.com\/kundalini-activation-et-aromatherapie-energie-et-emotions\" target=\"_blank\" rel=\"noreferrer noopener\">Kundalini Activation et Aromath\u00e9rapie 23\/02\/2025 studio Soham Gen\u00e8ve<\/a><\/div>\n<\/div>\n\n\n\n<pre class=\"wp-block-preformatted\">Pour des sessions priv\u00e9es, merci de me contacter directement au :<br><br>+33 769 50 10 14 <br><br>+41 766 06 06 20<\/pre>\n\n\n\n<p><\/p>\n","protected":false},"excerpt":{"rendered":"<p>In-person is immersive.Online is transcendent. Les sessions en ligne Permettent une connexion intime \u00e0 l&#8217;\u00e9nergie Kundalini, peu importe o\u00f9 vous vous trouvez. Profitez de la flexibilit\u00e9 de pratiquer dans un espace familier tout en b\u00e9n\u00e9ficiant de la puissante transmission \u00e9nerg\u00e9tique \u00e0 distance, assurant une transformation int\u00e9rieure \u00e0 votre rythme. Sessions Collectives Plongez dans l&#8217;\u00e9nergie collective [&hellip;]<\/p>\n","protected":false},"author":1,"featured_media":0,"parent":0,"menu_order":0,"comment_status":"closed","ping_status":"closed","template":"","meta":{"footnotes":""},"class_list":["post-64","page","type-page","status-publish","hentry"],"_links":{"self":[{"href":"https:\/\/infinitybyissen.com\/index.php\/wp-json\/wp\/v2\/pages\/64","targetHints":{"allow":["GET"]}}],"collection":[{"href":"https:\/\/infinitybyissen.com\/index.php\/wp-json\/wp\/v2\/pages"}],"about":[{"href":"https:\/\/infinitybyissen.com\/index.php\/wp-json\/wp\/v2\/types\/page"}],"author":[{"embeddable":true,"href":"https:\/\/infinitybyissen.com\/index.php\/wp-json\/wp\/v2\/users\/1"}],"replies":[{"embeddable":true,"href":"https:\/\/infinitybyissen.com\/index.php\/wp-json\/wp\/v2\/comments?post=64"}],"version-history":[{"count":54,"href":"https:\/\/infinitybyissen.com\/index.php\/wp-json\/wp\/v2\/pages\/64\/revisions"}],"predecessor-version":[{"id":154,"href":"https:\/\/infinitybyissen.com\/index.php\/wp-json\/wp\/v2\/pages\/64\/revisions\/154"}],"wp:attachment":[{"href":"https:\/\/infinitybyissen.com\/index.php\/wp-json\/wp\/v2\/media?parent=64"}],"curies":[{"name":"wp","href":"https:\/\/api.w.org\/{rel}","templated":true}]}}